{"id":4829,"date":"2022-08-06T19:08:39","date_gmt":"2022-08-06T17:08:39","guid":{"rendered":"https:\/\/mayedesign.fr\/?post_type=product&#038;p=4829"},"modified":"2022-08-10T00:02:38","modified_gmt":"2022-08-09T22:02:38","slug":"florence","status":"publish","type":"product","link":"https:\/\/mayedesign.fr\/index.php\/produit\/florence\/","title":{"rendered":"Florence"},"content":{"rendered":"<p>L&#8217;anniversaire d&#8217;un enfant est toujours un moment magique et important.<\/p>\n<p>Alors pourquoi ne pas commencer par un jolie flyer pour inviter toute la famille et les amis \u00e0 partager ce moment jovial avec vous ?<\/p>\n<p>Pour sublimer ce moment, je vous propose cette magnifique carte d&#8217;invitation au design tr\u00e8s \u00e9l\u00e9gant et \u00e9pur\u00e9.<\/p>\n<p>Le design est disponible en plusieurs coloris.<\/p>\n<p>Il s\u2019agit d\u2019un mod\u00e8le unique qui sera disponible 6 mois sur le site internet. Tous les 6 mois, il y aura une nouvelle collection de visuels et elle sera cr\u00e9\u00e9e en m\u2019appuyant sur vos conseils et mes observations.<\/p>\n<div>\n<div id=\"m_8306362089964679392gmail-tab-description\" role=\"tabpanel\" aria-labelledby=\"tab-title-description\">\n<p>Vous avez la possibilit\u00e9 de modifier :<\/p>\n<ul>\n<li>le nom et pr\u00e9nom<\/li>\n<li>Date et heure de l&#8217;\u00e9v\u00e8nement<\/li>\n<li>Lieu de l&#8217;\u00e9v\u00e8nement<\/li>\n<li>\u00c2ge<\/li>\n<\/ul>\n<p>Votre commande ressemblera au mod\u00e8le choisi avec vos informations.<\/p>\n<\/div>\n<\/div>\n","protected":false},"excerpt":{"rendered":"<p>Design graphique pour votre sublimer l&#8217;anniversaire de votre enfant disponible en quatre couleurs.<\/p>\n","protected":false},"featured_media":4837,"comment_status":"open","ping_status":"closed","template":"","meta":{"site-sidebar-layout":"default","site-content-layout":"default","ast-global-header-display":"","ast-main-header-display":"","ast-hfb-above-header-display":"","ast-hfb-below-header-display":"","ast-hfb-mobile-header-display":"","site-post-title":"","ast-breadcrumbs-content":"","ast-featured-img":"","footer-sml-layout":"","theme-transparent-header-meta":"default","adv-header-id-meta":"","stick-header-meta":"","header-above-stick-meta":"","header-main-stick-meta":"","header-below-stick-meta":""},"product_cat":[64,66],"product_tag":[],"class_list":["post-4829","product","type-product","status-publish","has-post-thumbnail","hentry","product_cat-anniversaire","product_cat-enfant"],"yoast_head":"<!-- This site is optimized with the Yoast SEO plugin v19.4 - https:\/\/yoast.com\/wordpress\/plugins\/seo\/ -->\n<title>Florence - Design graphique num\u00e9rique<\/title>\n<meta name=\"description\" content=\"Jolie flyer pour inviter vos amis \u00e0 partager ce moment jovial d&#039;anniversaire avec cette magnifique carte d&#039;invitation au design tr\u00e8s \u00e9l\u00e9gant et \u00e9pur\u00e9.\u00a0\" \/>\n<meta name=\"robots\" content=\"index, follow, max-snippet:-1, max-image-preview:large, max-video-preview:-1\" \/>\n<link rel=\"canonical\" href=\"https:\/\/mayedesign.fr\/index.php\/produit\/florence\/\" \/>\n<meta property=\"og:locale\" content=\"en_US\" \/>\n<meta property=\"og:type\" content=\"article\" \/>\n<meta property=\"og:title\" content=\"Florence - Design graphique num\u00e9rique\" \/>\n<meta property=\"og:description\" content=\"Jolie flyer pour inviter vos amis \u00e0 partager ce moment jovial d&#039;anniversaire avec cette magnifique carte d&#039;invitation au design tr\u00e8s \u00e9l\u00e9gant et \u00e9pur\u00e9.\u00a0\" \/>\n<meta property=\"og:url\" content=\"https:\/\/mayedesign.fr\/index.php\/produit\/florence\/\" \/>\n<meta property=\"og:site_name\" content=\"Design graphique num\u00e9rique\" \/>\n<meta property=\"article:modified_time\" content=\"2022-08-09T22:02:38+00:00\" \/>\n<meta property=\"og:image\" content=\"https:\/\/mayedesign.fr\/wp-content\/uploads\/2022\/08\/Florence.png\" \/>\n\t<meta property=\"og:image:width\" content=\"1240\" \/>\n\t<meta property=\"og:image:height\" content=\"1748\" \/>\n\t<meta property=\"og:image:type\" content=\"image\/png\" \/>\n<meta name=\"twitter:card\" content=\"summary_large_image\" \/>\n<meta name=\"twitter:label1\" content=\"Est. reading time\" \/>\n\t<meta name=\"twitter:data1\" content=\"1 minute\" \/>\n<script type=\"application\/ld+json\" class=\"yoast-schema-graph\">{\"@context\":\"https:\/\/schema.org\",\"@graph\":[{\"@type\":\"Organization\",\"@id\":\"https:\/\/mayedesign.fr\/#organization\",\"name\":\"Design graphique num\u00e9rique\",\"url\":\"https:\/\/mayedesign.fr\/\",\"sameAs\":[],\"logo\":{\"@type\":\"ImageObject\",\"inLanguage\":\"en-US\",\"@id\":\"https:\/\/mayedesign.fr\/#\/schema\/logo\/image\/\",\"url\":\"https:\/\/mayedesign.fr\/wp-content\/uploads\/2022\/08\/Logo-MayeDesign-e1659536359187.png\",\"contentUrl\":\"https:\/\/mayedesign.fr\/wp-content\/uploads\/2022\/08\/Logo-MayeDesign-e1659536359187.png\",\"width\":178,\"height\":81,\"caption\":\"Design graphique num\u00e9rique\"},\"image\":{\"@id\":\"https:\/\/mayedesign.fr\/#\/schema\/logo\/image\/\"}},{\"@type\":\"WebSite\",\"@id\":\"https:\/\/mayedesign.fr\/#website\",\"url\":\"https:\/\/mayedesign.fr\/\",\"name\":\"Design graphique num\u00e9rique\",\"description\":\"\",\"publisher\":{\"@id\":\"https:\/\/mayedesign.fr\/#organization\"},\"potentialAction\":[{\"@type\":\"SearchAction\",\"target\":{\"@type\":\"EntryPoint\",\"urlTemplate\":\"https:\/\/mayedesign.fr\/?s={search_term_string}\"},\"query-input\":\"required name=search_term_string\"}],\"inLanguage\":\"en-US\"},{\"@type\":\"WebPage\",\"@id\":\"https:\/\/mayedesign.fr\/index.php\/produit\/florence\/\",\"url\":\"https:\/\/mayedesign.fr\/index.php\/produit\/florence\/\",\"name\":\"Florence - Design graphique num\u00e9rique\",\"isPartOf\":{\"@id\":\"https:\/\/mayedesign.fr\/#website\"},\"datePublished\":\"2022-08-06T17:08:39+00:00\",\"dateModified\":\"2022-08-09T22:02:38+00:00\",\"description\":\"Jolie flyer pour inviter vos amis \u00e0 partager ce moment jovial d'anniversaire avec cette magnifique carte d'invitation au design tr\u00e8s \u00e9l\u00e9gant et \u00e9pur\u00e9.\u00a0\",\"breadcrumb\":{\"@id\":\"https:\/\/mayedesign.fr\/index.php\/produit\/florence\/#breadcrumb\"},\"inLanguage\":\"en-US\",\"potentialAction\":[{\"@type\":\"ReadAction\",\"target\":[\"https:\/\/mayedesign.fr\/index.php\/produit\/florence\/\"]}]},{\"@type\":\"BreadcrumbList\",\"@id\":\"https:\/\/mayedesign.fr\/index.php\/produit\/florence\/#breadcrumb\",\"itemListElement\":[{\"@type\":\"ListItem\",\"position\":1,\"name\":\"Accueil\",\"item\":\"https:\/\/mayedesign.fr\/\"},{\"@type\":\"ListItem\",\"position\":2,\"name\":\"Boutique\",\"item\":\"https:\/\/mayedesign.fr\/index.php\/store\/\"},{\"@type\":\"ListItem\",\"position\":3,\"name\":\"Florence\"}]}]}<\/script>\n<!-- \/ Yoast SEO plugin. -->","yoast_head_json":{"title":"Florence - Design graphique num\u00e9rique","description":"Jolie flyer pour inviter vos amis \u00e0 partager ce moment jovial d'anniversaire avec cette magnifique carte d'invitation au design tr\u00e8s \u00e9l\u00e9gant et \u00e9pur\u00e9.\u00a0","robots":{"index":"index","follow":"follow","max-snippet":"max-snippet:-1","max-image-preview":"max-image-preview:large","max-video-preview":"max-video-preview:-1"},"canonical":"https:\/\/mayedesign.fr\/index.php\/produit\/florence\/","og_locale":"en_US","og_type":"article","og_title":"Florence - Design graphique num\u00e9rique","og_description":"Jolie flyer pour inviter vos amis \u00e0 partager ce moment jovial d'anniversaire avec cette magnifique carte d'invitation au design tr\u00e8s \u00e9l\u00e9gant et \u00e9pur\u00e9.\u00a0","og_url":"https:\/\/mayedesign.fr\/index.php\/produit\/florence\/","og_site_name":"Design graphique num\u00e9rique","article_modified_time":"2022-08-09T22:02:38+00:00","og_image":[{"width":1240,"height":1748,"url":"https:\/\/mayedesign.fr\/wp-content\/uploads\/2022\/08\/Florence.png","type":"image\/png"}],"twitter_card":"summary_large_image","twitter_misc":{"Est. reading time":"1 minute"},"schema":{"@context":"https:\/\/schema.org","@graph":[{"@type":"Organization","@id":"https:\/\/mayedesign.fr\/#organization","name":"Design graphique num\u00e9rique","url":"https:\/\/mayedesign.fr\/","sameAs":[],"logo":{"@type":"ImageObject","inLanguage":"en-US","@id":"https:\/\/mayedesign.fr\/#\/schema\/logo\/image\/","url":"https:\/\/mayedesign.fr\/wp-content\/uploads\/2022\/08\/Logo-MayeDesign-e1659536359187.png","contentUrl":"https:\/\/mayedesign.fr\/wp-content\/uploads\/2022\/08\/Logo-MayeDesign-e1659536359187.png","width":178,"height":81,"caption":"Design graphique num\u00e9rique"},"image":{"@id":"https:\/\/mayedesign.fr\/#\/schema\/logo\/image\/"}},{"@type":"WebSite","@id":"https:\/\/mayedesign.fr\/#website","url":"https:\/\/mayedesign.fr\/","name":"Design graphique num\u00e9rique","description":"","publisher":{"@id":"https:\/\/mayedesign.fr\/#organization"},"potentialAction":[{"@type":"SearchAction","target":{"@type":"EntryPoint","urlTemplate":"https:\/\/mayedesign.fr\/?s={search_term_string}"},"query-input":"required name=search_term_string"}],"inLanguage":"en-US"},{"@type":"WebPage","@id":"https:\/\/mayedesign.fr\/index.php\/produit\/florence\/","url":"https:\/\/mayedesign.fr\/index.php\/produit\/florence\/","name":"Florence - Design graphique num\u00e9rique","isPartOf":{"@id":"https:\/\/mayedesign.fr\/#website"},"datePublished":"2022-08-06T17:08:39+00:00","dateModified":"2022-08-09T22:02:38+00:00","description":"Jolie flyer pour inviter vos amis \u00e0 partager ce moment jovial d'anniversaire avec cette magnifique carte d'invitation au design tr\u00e8s \u00e9l\u00e9gant et \u00e9pur\u00e9.\u00a0","breadcrumb":{"@id":"https:\/\/mayedesign.fr\/index.php\/produit\/florence\/#breadcrumb"},"inLanguage":"en-US","potentialAction":[{"@type":"ReadAction","target":["https:\/\/mayedesign.fr\/index.php\/produit\/florence\/"]}]},{"@type":"BreadcrumbList","@id":"https:\/\/mayedesign.fr\/index.php\/produit\/florence\/#breadcrumb","itemListElement":[{"@type":"ListItem","position":1,"name":"Accueil","item":"https:\/\/mayedesign.fr\/"},{"@type":"ListItem","position":2,"name":"Boutique","item":"https:\/\/mayedesign.fr\/index.php\/store\/"},{"@type":"ListItem","position":3,"name":"Florence"}]}]}},"_links":{"self":[{"href":"https:\/\/mayedesign.fr\/index.php\/wp-json\/wp\/v2\/product\/4829","targetHints":{"allow":["GET"]}}],"collection":[{"href":"https:\/\/mayedesign.fr\/index.php\/wp-json\/wp\/v2\/product"}],"about":[{"href":"https:\/\/mayedesign.fr\/index.php\/wp-json\/wp\/v2\/types\/product"}],"replies":[{"embeddable":true,"href":"https:\/\/mayedesign.fr\/index.php\/wp-json\/wp\/v2\/comments?post=4829"}],"version-history":[{"count":1,"href":"https:\/\/mayedesign.fr\/index.php\/wp-json\/wp\/v2\/product\/4829\/revisions"}],"predecessor-version":[{"id":4838,"href":"https:\/\/mayedesign.fr\/index.php\/wp-json\/wp\/v2\/product\/4829\/revisions\/4838"}],"wp:featuredmedia":[{"embeddable":true,"href":"https:\/\/mayedesign.fr\/index.php\/wp-json\/wp\/v2\/media\/4837"}],"wp:attachment":[{"href":"https:\/\/mayedesign.fr\/index.php\/wp-json\/wp\/v2\/media?parent=4829"}],"wp:term":[{"taxonomy":"product_cat","embeddable":true,"href":"https:\/\/mayedesign.fr\/index.php\/wp-json\/wp\/v2\/product_cat?post=4829"},{"taxonomy":"product_tag","embeddable":true,"href":"https:\/\/mayedesign.fr\/index.php\/wp-json\/wp\/v2\/product_tag?post=4829"}],"curies":[{"name":"wp","href":"https:\/\/api.w.org\/{rel}","templated":true}]}}