{"id":4217,"date":"2022-08-04T19:10:39","date_gmt":"2022-08-04T17:10:39","guid":{"rendered":"https:\/\/mayedesign.fr\/?post_type=product&#038;p=4217"},"modified":"2022-08-04T23:14:26","modified_gmt":"2022-08-04T21:14:26","slug":"elikia-passi","status":"publish","type":"product","link":"https:\/\/mayedesign.fr\/index.php\/produit\/elikia-passi\/","title":{"rendered":"Elikia &#038; Passi"},"content":{"rendered":"<p>Le mariage coutumier ou plus commun\u00e9ment appel\u00e9 la dot est l&#8217;un des \u00e9v\u00e8nements les plus important au sein d&#8217;une famille. C&#8217;est la c\u00e9l\u00e9bration de votre amour et du respect envers les parents et les familles.<\/p>\n<p>Pour sublimer ce moment, je vous propose cette magnifique carte d&#8217;invitation au design tr\u00e8s \u00e9l\u00e9gant et \u00e9pur\u00e9 aux ambiances de l&#8217;Afrique. Quoi de mieux qu&#8217;un joli visuel qui rappelle nos traditions pour donner un petit aper\u00e7u du jour j \u00e0 vos invit\u00e9s.<\/p>\n<p>Le design est disponible en plusieurs coloris.<\/p>\n<p><span style=\"font-size: 16px;\">Il s\u2019agit d\u2019un mod\u00e8le unique qui sera disponible 6 mois sur le site internet. Tous les 6 mois, il y aura une nouvelle collection de visuels et elle sera cr\u00e9\u00e9e en m\u2019appuyant sur vos conseils et mes observations.<\/span><\/p>\n<div class=\"woocommerce-tabs wc-tabs-wrapper\">\n<div id=\"tab-description\" class=\"woocommerce-Tabs-panel woocommerce-Tabs-panel--description panel entry-content wc-tab\" role=\"tabpanel\" aria-labelledby=\"tab-title-description\">\n<p>Vous avez la possibilit\u00e9 de modifier :<\/p>\n<ul>\n<li>le nom et pr\u00e9nom<\/li>\n<li>Date et heure de l&#8217;\u00e9v\u00e8nement<\/li>\n<li>Lieu de l&#8217;\u00e9v\u00e8nement<\/li>\n<li>Personne \u00e0 contacter + num\u00e9ro<\/li>\n<\/ul>\n<p>Votre commande ressemblera au mod\u00e8le choisi avec vos informations.<\/p>\n<\/div>\n<\/div>\n","protected":false},"excerpt":{"rendered":"<p>Design graphique pour votre mariage coutumier disponible en quatre couleurs.<\/p>\n","protected":false},"featured_media":4225,"comment_status":"open","ping_status":"closed","template":"","meta":{"site-sidebar-layout":"default","site-content-layout":"default","ast-global-header-display":"","ast-main-header-display":"","ast-hfb-above-header-display":"","ast-hfb-below-header-display":"","ast-hfb-mobile-header-display":"","site-post-title":"","ast-breadcrumbs-content":"","ast-featured-img":"","footer-sml-layout":"","theme-transparent-header-meta":"default","adv-header-id-meta":"","stick-header-meta":"","header-above-stick-meta":"","header-main-stick-meta":"","header-below-stick-meta":""},"product_cat":[62,61],"product_tag":[],"class_list":["post-4217","product","type-product","status-publish","has-post-thumbnail","hentry","product_cat-coutumier","product_cat-mariage"],"yoast_head":"<!-- This site is optimized with the Yoast SEO plugin v19.4 - https:\/\/yoast.com\/wordpress\/plugins\/seo\/ -->\n<title>Elikia &amp; Passi - Design graphique num\u00e9rique<\/title>\n<meta name=\"description\" content=\"Design tr\u00e8s \u00e9l\u00e9gant et \u00e9pur\u00e9 aux ambiances de l&#039;Afrique. Une invitation qui rappelle nos traditions pour donner un petit aper\u00e7u de votre dot \u00e0 vos invit\u00e9s.\" \/>\n<meta name=\"robots\" content=\"index, follow, max-snippet:-1, max-image-preview:large, max-video-preview:-1\" \/>\n<link rel=\"canonical\" href=\"https:\/\/mayedesign.fr\/index.php\/produit\/elikia-passi\/\" \/>\n<meta property=\"og:locale\" content=\"en_US\" \/>\n<meta property=\"og:type\" content=\"article\" \/>\n<meta property=\"og:title\" content=\"Elikia &amp; Passi - Design graphique num\u00e9rique\" \/>\n<meta property=\"og:description\" content=\"Design tr\u00e8s \u00e9l\u00e9gant et \u00e9pur\u00e9 aux ambiances de l&#039;Afrique. Une invitation qui rappelle nos traditions pour donner un petit aper\u00e7u de votre dot \u00e0 vos invit\u00e9s.\" \/>\n<meta property=\"og:url\" content=\"https:\/\/mayedesign.fr\/index.php\/produit\/elikia-passi\/\" \/>\n<meta property=\"og:site_name\" content=\"Design graphique num\u00e9rique\" \/>\n<meta property=\"article:modified_time\" content=\"2022-08-04T21:14:26+00:00\" \/>\n<meta property=\"og:image\" content=\"https:\/\/mayedesign.fr\/wp-content\/uploads\/2022\/08\/Elikia-Passi.png\" \/>\n\t<meta property=\"og:image:width\" content=\"1240\" \/>\n\t<meta property=\"og:image:height\" content=\"1748\" \/>\n\t<meta property=\"og:image:type\" content=\"image\/png\" \/>\n<meta name=\"twitter:card\" content=\"summary_large_image\" \/>\n<meta name=\"twitter:label1\" content=\"Est. reading time\" \/>\n\t<meta name=\"twitter:data1\" content=\"1 minute\" \/>\n<script type=\"application\/ld+json\" class=\"yoast-schema-graph\">{\"@context\":\"https:\/\/schema.org\",\"@graph\":[{\"@type\":\"Organization\",\"@id\":\"https:\/\/mayedesign.fr\/#organization\",\"name\":\"Design graphique num\u00e9rique\",\"url\":\"https:\/\/mayedesign.fr\/\",\"sameAs\":[],\"logo\":{\"@type\":\"ImageObject\",\"inLanguage\":\"en-US\",\"@id\":\"https:\/\/mayedesign.fr\/#\/schema\/logo\/image\/\",\"url\":\"https:\/\/mayedesign.fr\/wp-content\/uploads\/2022\/08\/Logo-MayeDesign-e1659536359187.png\",\"contentUrl\":\"https:\/\/mayedesign.fr\/wp-content\/uploads\/2022\/08\/Logo-MayeDesign-e1659536359187.png\",\"width\":178,\"height\":81,\"caption\":\"Design graphique num\u00e9rique\"},\"image\":{\"@id\":\"https:\/\/mayedesign.fr\/#\/schema\/logo\/image\/\"}},{\"@type\":\"WebSite\",\"@id\":\"https:\/\/mayedesign.fr\/#website\",\"url\":\"https:\/\/mayedesign.fr\/\",\"name\":\"Design graphique num\u00e9rique\",\"description\":\"\",\"publisher\":{\"@id\":\"https:\/\/mayedesign.fr\/#organization\"},\"potentialAction\":[{\"@type\":\"SearchAction\",\"target\":{\"@type\":\"EntryPoint\",\"urlTemplate\":\"https:\/\/mayedesign.fr\/?s={search_term_string}\"},\"query-input\":\"required name=search_term_string\"}],\"inLanguage\":\"en-US\"},{\"@type\":\"WebPage\",\"@id\":\"https:\/\/mayedesign.fr\/index.php\/produit\/elikia-passi\/\",\"url\":\"https:\/\/mayedesign.fr\/index.php\/produit\/elikia-passi\/\",\"name\":\"Elikia & Passi - Design graphique num\u00e9rique\",\"isPartOf\":{\"@id\":\"https:\/\/mayedesign.fr\/#website\"},\"datePublished\":\"2022-08-04T17:10:39+00:00\",\"dateModified\":\"2022-08-04T21:14:26+00:00\",\"description\":\"Design tr\u00e8s \u00e9l\u00e9gant et \u00e9pur\u00e9 aux ambiances de l'Afrique. Une invitation qui rappelle nos traditions pour donner un petit aper\u00e7u de votre dot \u00e0 vos invit\u00e9s.\",\"breadcrumb\":{\"@id\":\"https:\/\/mayedesign.fr\/index.php\/produit\/elikia-passi\/#breadcrumb\"},\"inLanguage\":\"en-US\",\"potentialAction\":[{\"@type\":\"ReadAction\",\"target\":[\"https:\/\/mayedesign.fr\/index.php\/produit\/elikia-passi\/\"]}]},{\"@type\":\"BreadcrumbList\",\"@id\":\"https:\/\/mayedesign.fr\/index.php\/produit\/elikia-passi\/#breadcrumb\",\"itemListElement\":[{\"@type\":\"ListItem\",\"position\":1,\"name\":\"Accueil\",\"item\":\"https:\/\/mayedesign.fr\/\"},{\"@type\":\"ListItem\",\"position\":2,\"name\":\"Boutique\",\"item\":\"https:\/\/mayedesign.fr\/index.php\/store\/\"},{\"@type\":\"ListItem\",\"position\":3,\"name\":\"Elikia &#038; Passi\"}]}]}<\/script>\n<!-- \/ Yoast SEO plugin. -->","yoast_head_json":{"title":"Elikia & Passi - Design graphique num\u00e9rique","description":"Design tr\u00e8s \u00e9l\u00e9gant et \u00e9pur\u00e9 aux ambiances de l'Afrique. Une invitation qui rappelle nos traditions pour donner un petit aper\u00e7u de votre dot \u00e0 vos invit\u00e9s.","robots":{"index":"index","follow":"follow","max-snippet":"max-snippet:-1","max-image-preview":"max-image-preview:large","max-video-preview":"max-video-preview:-1"},"canonical":"https:\/\/mayedesign.fr\/index.php\/produit\/elikia-passi\/","og_locale":"en_US","og_type":"article","og_title":"Elikia & Passi - Design graphique num\u00e9rique","og_description":"Design tr\u00e8s \u00e9l\u00e9gant et \u00e9pur\u00e9 aux ambiances de l'Afrique. Une invitation qui rappelle nos traditions pour donner un petit aper\u00e7u de votre dot \u00e0 vos invit\u00e9s.","og_url":"https:\/\/mayedesign.fr\/index.php\/produit\/elikia-passi\/","og_site_name":"Design graphique num\u00e9rique","article_modified_time":"2022-08-04T21:14:26+00:00","og_image":[{"width":1240,"height":1748,"url":"https:\/\/mayedesign.fr\/wp-content\/uploads\/2022\/08\/Elikia-Passi.png","type":"image\/png"}],"twitter_card":"summary_large_image","twitter_misc":{"Est. reading time":"1 minute"},"schema":{"@context":"https:\/\/schema.org","@graph":[{"@type":"Organization","@id":"https:\/\/mayedesign.fr\/#organization","name":"Design graphique num\u00e9rique","url":"https:\/\/mayedesign.fr\/","sameAs":[],"logo":{"@type":"ImageObject","inLanguage":"en-US","@id":"https:\/\/mayedesign.fr\/#\/schema\/logo\/image\/","url":"https:\/\/mayedesign.fr\/wp-content\/uploads\/2022\/08\/Logo-MayeDesign-e1659536359187.png","contentUrl":"https:\/\/mayedesign.fr\/wp-content\/uploads\/2022\/08\/Logo-MayeDesign-e1659536359187.png","width":178,"height":81,"caption":"Design graphique num\u00e9rique"},"image":{"@id":"https:\/\/mayedesign.fr\/#\/schema\/logo\/image\/"}},{"@type":"WebSite","@id":"https:\/\/mayedesign.fr\/#website","url":"https:\/\/mayedesign.fr\/","name":"Design graphique num\u00e9rique","description":"","publisher":{"@id":"https:\/\/mayedesign.fr\/#organization"},"potentialAction":[{"@type":"SearchAction","target":{"@type":"EntryPoint","urlTemplate":"https:\/\/mayedesign.fr\/?s={search_term_string}"},"query-input":"required name=search_term_string"}],"inLanguage":"en-US"},{"@type":"WebPage","@id":"https:\/\/mayedesign.fr\/index.php\/produit\/elikia-passi\/","url":"https:\/\/mayedesign.fr\/index.php\/produit\/elikia-passi\/","name":"Elikia & Passi - Design graphique num\u00e9rique","isPartOf":{"@id":"https:\/\/mayedesign.fr\/#website"},"datePublished":"2022-08-04T17:10:39+00:00","dateModified":"2022-08-04T21:14:26+00:00","description":"Design tr\u00e8s \u00e9l\u00e9gant et \u00e9pur\u00e9 aux ambiances de l'Afrique. Une invitation qui rappelle nos traditions pour donner un petit aper\u00e7u de votre dot \u00e0 vos invit\u00e9s.","breadcrumb":{"@id":"https:\/\/mayedesign.fr\/index.php\/produit\/elikia-passi\/#breadcrumb"},"inLanguage":"en-US","potentialAction":[{"@type":"ReadAction","target":["https:\/\/mayedesign.fr\/index.php\/produit\/elikia-passi\/"]}]},{"@type":"BreadcrumbList","@id":"https:\/\/mayedesign.fr\/index.php\/produit\/elikia-passi\/#breadcrumb","itemListElement":[{"@type":"ListItem","position":1,"name":"Accueil","item":"https:\/\/mayedesign.fr\/"},{"@type":"ListItem","position":2,"name":"Boutique","item":"https:\/\/mayedesign.fr\/index.php\/store\/"},{"@type":"ListItem","position":3,"name":"Elikia &#038; Passi"}]}]}},"_links":{"self":[{"href":"https:\/\/mayedesign.fr\/index.php\/wp-json\/wp\/v2\/product\/4217","targetHints":{"allow":["GET"]}}],"collection":[{"href":"https:\/\/mayedesign.fr\/index.php\/wp-json\/wp\/v2\/product"}],"about":[{"href":"https:\/\/mayedesign.fr\/index.php\/wp-json\/wp\/v2\/types\/product"}],"replies":[{"embeddable":true,"href":"https:\/\/mayedesign.fr\/index.php\/wp-json\/wp\/v2\/comments?post=4217"}],"version-history":[{"count":4,"href":"https:\/\/mayedesign.fr\/index.php\/wp-json\/wp\/v2\/product\/4217\/revisions"}],"predecessor-version":[{"id":4522,"href":"https:\/\/mayedesign.fr\/index.php\/wp-json\/wp\/v2\/product\/4217\/revisions\/4522"}],"wp:featuredmedia":[{"embeddable":true,"href":"https:\/\/mayedesign.fr\/index.php\/wp-json\/wp\/v2\/media\/4225"}],"wp:attachment":[{"href":"https:\/\/mayedesign.fr\/index.php\/wp-json\/wp\/v2\/media?parent=4217"}],"wp:term":[{"taxonomy":"product_cat","embeddable":true,"href":"https:\/\/mayedesign.fr\/index.php\/wp-json\/wp\/v2\/product_cat?post=4217"},{"taxonomy":"product_tag","embeddable":true,"href":"https:\/\/mayedesign.fr\/index.php\/wp-json\/wp\/v2\/product_tag?post=4217"}],"curies":[{"name":"wp","href":"https:\/\/api.w.org\/{rel}","templated":true}]}}