{"id":4727,"date":"2022-08-05T13:41:07","date_gmt":"2022-08-05T11:41:07","guid":{"rendered":"https:\/\/mayedesign.fr\/?page_id=4727"},"modified":"2022-08-05T13:43:54","modified_gmt":"2022-08-05T11:43:54","slug":"mentions-legales","status":"publish","type":"page","link":"https:\/\/mayedesign.fr\/index.php\/mentions-legales\/","title":{"rendered":"Mentions l\u00e9gales"},"content":{"rendered":"\t\t<div data-elementor-type=\"wp-page\" data-elementor-id=\"4727\" class=\"elementor elementor-4727\">\n\t\t\t\t\t\t\t\t\t<section class=\"elementor-section elementor-top-section elementor-element elementor-element-c754ac8 elementor-section-boxed elementor-section-height-default elementor-section-height-default\" data-id=\"c754ac8\" data-element_type=\"section\">\n\t\t\t\t\t\t<div class=\"elementor-container elementor-column-gap-default\">\n\t\t\t\t\t<div class=\"elementor-column elementor-col-100 elementor-top-column elementor-element elementor-element-f828d03\" data-id=\"f828d03\" data-element_type=\"column\">\n\t\t\t<div class=\"elementor-widget-wrap elementor-element-populated\">\n\t\t\t\t\t\t\t\t<div class=\"elementor-element elementor-element-5186ca2 elementor-widget elementor-widget-text-editor\" data-id=\"5186ca2\" data-element_type=\"widget\" data-widget_type=\"text-editor.default\">\n\t\t\t\t<div class=\"elementor-widget-container\">\n\t\t\t<style>\/*! elementor - v3.6.8 - 27-07-2022 *\/\n.elementor-widget-text-editor.elementor-drop-cap-view-stacked .elementor-drop-cap{background-color:#818a91;color:#fff}.elementor-widget-text-editor.elementor-drop-cap-view-framed .elementor-drop-cap{color:#818a91;border:3px solid;background-color:transparent}.elementor-widget-text-editor:not(.elementor-drop-cap-view-default) .elementor-drop-cap{margin-top:8px}.elementor-widget-text-editor:not(.elementor-drop-cap-view-default) .elementor-drop-cap-letter{width:1em;height:1em}.elementor-widget-text-editor .elementor-drop-cap{float:left;text-align:center;line-height:1;font-size:50px}.elementor-widget-text-editor .elementor-drop-cap-letter{display:inline-block}<\/style>\t\t\t\t<section class=\"elementor-section elementor-top-section elementor-element elementor-element-0f79972 elementor-section-boxed elementor-section-height-default elementor-section-height-default\" data-id=\"0f79972\" data-element_type=\"section\"><div class=\"elementor-container elementor-column-gap-default\"><div class=\"elementor-column elementor-col-100 elementor-top-column elementor-element elementor-element-fc6370d\" data-id=\"fc6370d\" data-element_type=\"column\"><div class=\"elementor-widget-wrap elementor-element-populated\"><div class=\"elementor-element elementor-element-a43d4e5 elementor-widget elementor-widget-heading\" data-id=\"a43d4e5\" data-element_type=\"widget\" data-widget_type=\"heading.default\"><div class=\"elementor-widget-container\"><h2>\u00a0<\/h2><h2>\u00a0<\/h2><h1 class=\"elementor-heading-title elementor-size-default\" style=\"text-align: center;\">Mentions l\u00e9gales<\/h1><\/div><\/div><\/div><\/div><\/div><\/section><section class=\"elementor-section elementor-top-section elementor-element elementor-element-d584276 elementor-section-boxed elementor-section-height-default elementor-section-height-default\" data-id=\"d584276\" data-element_type=\"section\"><div class=\"elementor-container elementor-column-gap-default\"><div class=\"elementor-column elementor-col-100 elementor-top-column elementor-element elementor-element-bc17df9\" data-id=\"bc17df9\" data-element_type=\"column\"><div class=\"elementor-widget-wrap elementor-element-populated\"><div class=\"elementor-element elementor-element-d472320 elementor-widget elementor-widget-text-editor\" data-id=\"d472320\" data-element_type=\"widget\" data-widget_type=\"text-editor.default\"><div class=\"elementor-widget-container\"><h4>\u00a0<\/h4><h4 style=\"text-align: center;\">1 \u2013 PR\u00c9SENTATION DU SITE<\/h4><p>En vertu de l\u2019article 6 de la loi n\u00b0 2004-575 du 21 juin 2004 pour la confiance dans l\u2019\u00e9conomie num\u00e9rique, il est pr\u00e9cis\u00e9 aux utilisateurs du site\u00a0<a href=\"https:\/\/www.derniersommeil.fr\/\">m<\/a>ayedesign.fr\u00a0l\u2019identit\u00e9 des diff\u00e9rents intervenants dans le cadre de sa r\u00e9alisation et de son suivi :<br \/>Propri\u00e9taire : Olivia Mouanga \u2013 Siret n\u00b0 914 110 861 00012 \u2013 7 rue du 6 septembre 1943, 89340 champigny et l\u2019adresse mail : mayedesign.fr@gmail.com<br \/>H\u00e9bergeur : OVH SAS \u00a02 rue Kellermann \u2013 BP 80157 59053 ROUBAIX CEDEX 1 avec le num\u00e9ro de t\u00e9l\u00e9phone 0972101007<\/p><p>Le site est accessible par tout endroit, 7j\/7, 24h\/24 sauf cas de force majeure, interruption programm\u00e9e ou non et pouvant d\u00e9coulant d\u2019une n\u00e9cessit\u00e9 de maintenance.<\/p><p>En cas de modification, interruption ou suspension des services, le site\u00a0<em><a href=\"https:\/\/www.derniersommeil.fr\/\">derniersommeil.fr<\/a>\u00a0<\/em>ne saurait \u00eatre tenu responsable.<\/p><\/div><\/div><\/div><\/div><\/div><\/section><section class=\"elementor-section elementor-top-section elementor-element elementor-element-66c0853 elementor-section-boxed elementor-section-height-default elementor-section-height-default\" data-id=\"66c0853\" data-element_type=\"section\"><div class=\"elementor-container elementor-column-gap-default\"><div class=\"elementor-column elementor-col-100 elementor-top-column elementor-element elementor-element-da73f60\" data-id=\"da73f60\" data-element_type=\"column\"><div class=\"elementor-widget-wrap elementor-element-populated\"><div class=\"elementor-element elementor-element-511d30e elementor-widget elementor-widget-text-editor\" data-id=\"511d30e\" data-element_type=\"widget\" data-widget_type=\"text-editor.default\"><div class=\"elementor-widget-container\"><h4 style=\"text-align: center;\">2 \u2013 COLLECTE DES DONN\u00c9ES<\/h4><p>Le site assure \u00e0 l\u2019Utilisateur une collecte et un traitement d\u2019informations personnelles dans le respect de la vie priv\u00e9e conform\u00e9ment \u00e0 la loi n\u00b078-17 du 6 janvier 1978 relative \u00e0 l\u2019informatique, aux fichiers et aux libert\u00e9s.\u00a0<\/p><p>En vertu de la loi Informatique et Libert\u00e9s, en date du 6 janvier 1978, l\u2019Utilisateur dispose d\u2019un droit d\u2019acc\u00e8s, de rectification, de suppression et d\u2019opposition de ses donn\u00e9es personnelles.\u00a0<\/p><h4 style=\"text-align: center;\">3 \u2013 COOKIES<\/h4><p>L\u2019Utilisateur est inform\u00e9 que lors de ses visites sur le site, un cookie peut s\u2019installer automatiquement sur son logiciel de navigation.<\/p><p>En naviguant sur le site, il les accepte.<\/p><p>Un cookie est un \u00e9l\u00e9ment qui ne permet pas d\u2019identifier l\u2019Utilisateur mais sert \u00e0 enregistrer des informations relatives \u00e0 la navigation de celui-ci sur le site Internet. L\u2019Utilisateur pourra d\u00e9sactiver ce cookie par l\u2019interm\u00e9diaire des param\u00e8tres figurant au sein de son logiciel de navigation.<\/p><p>Toute utilisation, reproduction, diffusion, commercialisation, modification de toute ou partie du site <i>mayedesign.fr<\/i>, sans autorisation de l\u2019Editeur est prohib\u00e9e et pourra entra\u00eener des actions et poursuites judiciaires telles que notamment pr\u00e9vues par le Code de la propri\u00e9t\u00e9 intellectuelle et le Code civil.<\/p><h4 style=\"text-align: center;\">4 \u2013 PROPRI\u00c9T\u00c9 INTELLECTUELLE<\/h4><p>Toute utilisation, reproduction, diffusion, commercialisation, modification de toute ou partie du site <i>mayedesign.fr<\/i>, sans autorisation de l\u2019Editeur est prohib\u00e9e et pourra entra\u00eener des actions et poursuites judiciaires telles que notamment pr\u00e9vues par le Code de la propri\u00e9t\u00e9 intellectuelle et le Code civil.<\/p><\/div><\/div><\/div><\/div><\/div><\/section>\t\t\t\t\t\t<\/div>\n\t\t\t\t<\/div>\n\t\t\t\t\t<\/div>\n\t\t<\/div>\n\t\t\t\t\t\t\t<\/div>\n\t\t<\/section>\n\t\t\t\t\t\t\t<\/div>\n\t\t","protected":false},"excerpt":{"rendered":"<p>\u00a0 \u00a0 Mentions l\u00e9gales \u00a0 1 \u2013 PR\u00c9SENTATION DU SITE En vertu de l\u2019article 6 de la loi n\u00b0 2004-575 du 21 juin 2004 pour la confiance dans l\u2019\u00e9conomie num\u00e9rique, il est pr\u00e9cis\u00e9 aux utilisateurs du site\u00a0mayedesign.fr\u00a0l\u2019identit\u00e9 des diff\u00e9rents intervenants dans le cadre de sa r\u00e9alisation et de son suivi :Propri\u00e9taire : Olivia Mouanga \u2013 &hellip;<\/p>\n<p class=\"read-more\"> <a class=\"\" href=\"https:\/\/mayedesign.fr\/index.php\/mentions-legales\/\"> <span class=\"screen-reader-text\">Mentions l\u00e9gales<\/span> Read More &raquo;<\/a><\/p>\n","protected":false},"author":1,"featured_media":0,"parent":0,"menu_order":0,"comment_status":"closed","ping_status":"closed","template":"","meta":{"site-sidebar-layout":"no-sidebar","site-content-layout":"page-builder","ast-global-header-display":"","ast-main-header-display":"","ast-hfb-above-header-display":"","ast-hfb-below-header-display":"","ast-hfb-mobile-header-display":"","site-post-title":"disabled","ast-breadcrumbs-content":"","ast-featured-img":"disabled","footer-sml-layout":"","theme-transparent-header-meta":"","adv-header-id-meta":"","stick-header-meta":"","header-above-stick-meta":"","header-main-stick-meta":"","header-below-stick-meta":"","footnotes":""},"class_list":["post-4727","page","type-page","status-publish","hentry"],"yoast_head":"<!-- This site is optimized with the Yoast SEO plugin v19.4 - https:\/\/yoast.com\/wordpress\/plugins\/seo\/ -->\n<title>Mentions l\u00e9gales - Design graphique num\u00e9rique<\/title>\n<meta name=\"robots\" content=\"index, follow, max-snippet:-1, max-image-preview:large, max-video-preview:-1\" \/>\n<link rel=\"canonical\" href=\"https:\/\/mayedesign.fr\/index.php\/mentions-legales\/\" \/>\n<meta property=\"og:locale\" content=\"en_US\" \/>\n<meta property=\"og:type\" content=\"article\" \/>\n<meta property=\"og:title\" content=\"Mentions l\u00e9gales - Design graphique num\u00e9rique\" \/>\n<meta property=\"og:description\" content=\"\u00a0 \u00a0 Mentions l\u00e9gales \u00a0 1 \u2013 PR\u00c9SENTATION DU SITE En vertu de l\u2019article 6 de la loi n\u00b0 2004-575 du 21 juin 2004 pour la confiance dans l\u2019\u00e9conomie num\u00e9rique, il est pr\u00e9cis\u00e9 aux utilisateurs du site\u00a0mayedesign.fr\u00a0l\u2019identit\u00e9 des diff\u00e9rents intervenants dans le cadre de sa r\u00e9alisation et de son suivi :Propri\u00e9taire : Olivia Mouanga \u2013 &hellip; Mentions l\u00e9gales Read More &raquo;\" \/>\n<meta property=\"og:url\" content=\"https:\/\/mayedesign.fr\/index.php\/mentions-legales\/\" \/>\n<meta property=\"og:site_name\" content=\"Design graphique num\u00e9rique\" \/>\n<meta property=\"article:modified_time\" content=\"2022-08-05T11:43:54+00:00\" \/>\n<meta name=\"twitter:card\" content=\"summary_large_image\" \/>\n<meta name=\"twitter:label1\" content=\"Est. reading time\" \/>\n\t<meta name=\"twitter:data1\" content=\"4 minutes\" \/>\n<script type=\"application\/ld+json\" class=\"yoast-schema-graph\">{\"@context\":\"https:\/\/schema.org\",\"@graph\":[{\"@type\":\"Organization\",\"@id\":\"https:\/\/mayedesign.fr\/#organization\",\"name\":\"Design graphique num\u00e9rique\",\"url\":\"https:\/\/mayedesign.fr\/\",\"sameAs\":[],\"logo\":{\"@type\":\"ImageObject\",\"inLanguage\":\"en-US\",\"@id\":\"https:\/\/mayedesign.fr\/#\/schema\/logo\/image\/\",\"url\":\"https:\/\/mayedesign.fr\/wp-content\/uploads\/2022\/08\/Logo-MayeDesign-e1659536359187.png\",\"contentUrl\":\"https:\/\/mayedesign.fr\/wp-content\/uploads\/2022\/08\/Logo-MayeDesign-e1659536359187.png\",\"width\":178,\"height\":81,\"caption\":\"Design graphique num\u00e9rique\"},\"image\":{\"@id\":\"https:\/\/mayedesign.fr\/#\/schema\/logo\/image\/\"}},{\"@type\":\"WebSite\",\"@id\":\"https:\/\/mayedesign.fr\/#website\",\"url\":\"https:\/\/mayedesign.fr\/\",\"name\":\"Design graphique num\u00e9rique\",\"description\":\"\",\"publisher\":{\"@id\":\"https:\/\/mayedesign.fr\/#organization\"},\"potentialAction\":[{\"@type\":\"SearchAction\",\"target\":{\"@type\":\"EntryPoint\",\"urlTemplate\":\"https:\/\/mayedesign.fr\/?s={search_term_string}\"},\"query-input\":\"required name=search_term_string\"}],\"inLanguage\":\"en-US\"},{\"@type\":\"WebPage\",\"@id\":\"https:\/\/mayedesign.fr\/index.php\/mentions-legales\/\",\"url\":\"https:\/\/mayedesign.fr\/index.php\/mentions-legales\/\",\"name\":\"Mentions l\u00e9gales - Design graphique num\u00e9rique\",\"isPartOf\":{\"@id\":\"https:\/\/mayedesign.fr\/#website\"},\"datePublished\":\"2022-08-05T11:41:07+00:00\",\"dateModified\":\"2022-08-05T11:43:54+00:00\",\"breadcrumb\":{\"@id\":\"https:\/\/mayedesign.fr\/index.php\/mentions-legales\/#breadcrumb\"},\"inLanguage\":\"en-US\",\"potentialAction\":[{\"@type\":\"ReadAction\",\"target\":[\"https:\/\/mayedesign.fr\/index.php\/mentions-legales\/\"]}]},{\"@type\":\"BreadcrumbList\",\"@id\":\"https:\/\/mayedesign.fr\/index.php\/mentions-legales\/#breadcrumb\",\"itemListElement\":[{\"@type\":\"ListItem\",\"position\":1,\"name\":\"Accueil\",\"item\":\"https:\/\/mayedesign.fr\/\"},{\"@type\":\"ListItem\",\"position\":2,\"name\":\"Mentions l\u00e9gales\"}]}]}<\/script>\n<!-- \/ Yoast SEO plugin. -->","yoast_head_json":{"title":"Mentions l\u00e9gales - Design graphique num\u00e9rique","robots":{"index":"index","follow":"follow","max-snippet":"max-snippet:-1","max-image-preview":"max-image-preview:large","max-video-preview":"max-video-preview:-1"},"canonical":"https:\/\/mayedesign.fr\/index.php\/mentions-legales\/","og_locale":"en_US","og_type":"article","og_title":"Mentions l\u00e9gales - Design graphique num\u00e9rique","og_description":"\u00a0 \u00a0 Mentions l\u00e9gales \u00a0 1 \u2013 PR\u00c9SENTATION DU SITE En vertu de l\u2019article 6 de la loi n\u00b0 2004-575 du 21 juin 2004 pour la confiance dans l\u2019\u00e9conomie num\u00e9rique, il est pr\u00e9cis\u00e9 aux utilisateurs du site\u00a0mayedesign.fr\u00a0l\u2019identit\u00e9 des diff\u00e9rents intervenants dans le cadre de sa r\u00e9alisation et de son suivi :Propri\u00e9taire : Olivia Mouanga \u2013 &hellip; Mentions l\u00e9gales Read More &raquo;","og_url":"https:\/\/mayedesign.fr\/index.php\/mentions-legales\/","og_site_name":"Design graphique num\u00e9rique","article_modified_time":"2022-08-05T11:43:54+00:00","twitter_card":"summary_large_image","twitter_misc":{"Est. reading time":"4 minutes"},"schema":{"@context":"https:\/\/schema.org","@graph":[{"@type":"Organization","@id":"https:\/\/mayedesign.fr\/#organization","name":"Design graphique num\u00e9rique","url":"https:\/\/mayedesign.fr\/","sameAs":[],"logo":{"@type":"ImageObject","inLanguage":"en-US","@id":"https:\/\/mayedesign.fr\/#\/schema\/logo\/image\/","url":"https:\/\/mayedesign.fr\/wp-content\/uploads\/2022\/08\/Logo-MayeDesign-e1659536359187.png","contentUrl":"https:\/\/mayedesign.fr\/wp-content\/uploads\/2022\/08\/Logo-MayeDesign-e1659536359187.png","width":178,"height":81,"caption":"Design graphique num\u00e9rique"},"image":{"@id":"https:\/\/mayedesign.fr\/#\/schema\/logo\/image\/"}},{"@type":"WebSite","@id":"https:\/\/mayedesign.fr\/#website","url":"https:\/\/mayedesign.fr\/","name":"Design graphique num\u00e9rique","description":"","publisher":{"@id":"https:\/\/mayedesign.fr\/#organization"},"potentialAction":[{"@type":"SearchAction","target":{"@type":"EntryPoint","urlTemplate":"https:\/\/mayedesign.fr\/?s={search_term_string}"},"query-input":"required name=search_term_string"}],"inLanguage":"en-US"},{"@type":"WebPage","@id":"https:\/\/mayedesign.fr\/index.php\/mentions-legales\/","url":"https:\/\/mayedesign.fr\/index.php\/mentions-legales\/","name":"Mentions l\u00e9gales - Design graphique num\u00e9rique","isPartOf":{"@id":"https:\/\/mayedesign.fr\/#website"},"datePublished":"2022-08-05T11:41:07+00:00","dateModified":"2022-08-05T11:43:54+00:00","breadcrumb":{"@id":"https:\/\/mayedesign.fr\/index.php\/mentions-legales\/#breadcrumb"},"inLanguage":"en-US","potentialAction":[{"@type":"ReadAction","target":["https:\/\/mayedesign.fr\/index.php\/mentions-legales\/"]}]},{"@type":"BreadcrumbList","@id":"https:\/\/mayedesign.fr\/index.php\/mentions-legales\/#breadcrumb","itemListElement":[{"@type":"ListItem","position":1,"name":"Accueil","item":"https:\/\/mayedesign.fr\/"},{"@type":"ListItem","position":2,"name":"Mentions l\u00e9gales"}]}]}},"_links":{"self":[{"href":"https:\/\/mayedesign.fr\/index.php\/wp-json\/wp\/v2\/pages\/4727","targetHints":{"allow":["GET"]}}],"collection":[{"href":"https:\/\/mayedesign.fr\/index.php\/wp-json\/wp\/v2\/pages"}],"about":[{"href":"https:\/\/mayedesign.fr\/index.php\/wp-json\/wp\/v2\/types\/page"}],"author":[{"embeddable":true,"href":"https:\/\/mayedesign.fr\/index.php\/wp-json\/wp\/v2\/users\/1"}],"replies":[{"embeddable":true,"href":"https:\/\/mayedesign.fr\/index.php\/wp-json\/wp\/v2\/comments?post=4727"}],"version-history":[{"count":4,"href":"https:\/\/mayedesign.fr\/index.php\/wp-json\/wp\/v2\/pages\/4727\/revisions"}],"predecessor-version":[{"id":4731,"href":"https:\/\/mayedesign.fr\/index.php\/wp-json\/wp\/v2\/pages\/4727\/revisions\/4731"}],"wp:attachment":[{"href":"https:\/\/mayedesign.fr\/index.php\/wp-json\/wp\/v2\/media?parent=4727"}],"curies":[{"name":"wp","href":"https:\/\/api.w.org\/{rel}","templated":true}]}}