{"id":4710,"date":"2022-08-05T13:14:49","date_gmt":"2022-08-05T11:14:49","guid":{"rendered":"https:\/\/mayedesign.fr\/?page_id=4710"},"modified":"2022-08-05T13:22:10","modified_gmt":"2022-08-05T11:22:10","slug":"conditions-generales-de-vente-cgv","status":"publish","type":"page","link":"https:\/\/mayedesign.fr\/index.php\/conditions-generales-de-vente-cgv\/","title":{"rendered":"Conditions g\u00e9n\u00e9rales de vente (CGV)"},"content":{"rendered":"\t\t<div data-elementor-type=\"wp-page\" data-elementor-id=\"4710\" class=\"elementor elementor-4710\">\n\t\t\t\t\t\t\t\t\t<section class=\"elementor-section elementor-top-section elementor-element elementor-element-b2f44f4 elementor-section-boxed elementor-section-height-default elementor-section-height-default\" data-id=\"b2f44f4\" data-element_type=\"section\">\n\t\t\t\t\t\t<div class=\"elementor-container elementor-column-gap-default\">\n\t\t\t\t\t<div class=\"elementor-column elementor-col-100 elementor-top-column elementor-element elementor-element-9ef56f6\" data-id=\"9ef56f6\" data-element_type=\"column\">\n\t\t\t<div class=\"elementor-widget-wrap elementor-element-populated\">\n\t\t\t\t\t\t\t\t<div class=\"elementor-element elementor-element-3e54907 elementor-widget elementor-widget-text-editor\" data-id=\"3e54907\" data-element_type=\"widget\" data-widget_type=\"text-editor.default\">\n\t\t\t\t<div class=\"elementor-widget-container\">\n\t\t\t<style>\/*! elementor - v3.6.8 - 27-07-2022 *\/\n.elementor-widget-text-editor.elementor-drop-cap-view-stacked .elementor-drop-cap{background-color:#818a91;color:#fff}.elementor-widget-text-editor.elementor-drop-cap-view-framed .elementor-drop-cap{color:#818a91;border:3px solid;background-color:transparent}.elementor-widget-text-editor:not(.elementor-drop-cap-view-default) .elementor-drop-cap{margin-top:8px}.elementor-widget-text-editor:not(.elementor-drop-cap-view-default) .elementor-drop-cap-letter{width:1em;height:1em}.elementor-widget-text-editor .elementor-drop-cap{float:left;text-align:center;line-height:1;font-size:50px}.elementor-widget-text-editor .elementor-drop-cap-letter{display:inline-block}<\/style>\t\t\t\t<p style=\"text-align: center;\"><span style=\"font-style: inherit; font-weight: inherit; background-color: var(--ast-global-color-4);\">\u00a0<\/span><\/p><p>\u00a0<\/p><p>\u00a0<\/p><p>\u00a0<\/p><h1 style=\"text-align: center;\"><strong><span style=\"color: #993300;\">Conditions g\u00e9n\u00e9rales de vente (CGV)<\/span><\/strong><\/h1><p>\u00a0<\/p><h4 style=\"text-align: center;\"><span style=\"font-style: inherit; font-weight: inherit; background-color: var(--ast-global-color-4);\">ARTICLE 1 : OBJET<\/span><\/h4><p>Les pr\u00e9sentes conditions r\u00e9gissent les ventes des produits num\u00e9riques par la micro entreprise Maye Design qui vend des designs graphique. A l\u2019issue de sa commande, le client recevra un fichier en format PDF de son visuel.<\/p><h4 style=\"text-align: center;\">ARTICLE 2 : PRIX<\/h4><p>Les prix de nos produits sont indiqu\u00e9s en euros, toutes taxes comprises. La TVA est non applicable conform\u00e9ment \u00e0 l\u2019article 293 B du C.G.I N\u00b0 siret 794 324 459 00013.\u00a0<\/p><p>Toutes les commandes quelle que soit leur origine sont payables en euros. \u00a0<\/p><p>La soci\u00e9t\u00e9 Maye Design se r\u00e9serve le droit de modifier ses prix \u00e0 tout moment, mais le produit sera factur\u00e9 sur la base du tarif en vigueur au moment de la validation de la commande et sous r\u00e9serve de disponibilit\u00e9.\u00a0<\/p><p>Les produits demeurent la propri\u00e9t\u00e9 de la soci\u00e9t\u00e9 Maye Design jusqu\u2019au paiement complet du prix. \u00a0<\/p><p>Attention : En validant votre commande, vous vous engager \u00e0 valider et accepter le design choisi. Il est tr\u00e8s important de vous relire et d\u2019\u00eatre minutieux pendant la pr\u00e9paration de votre commande.<\/p><h4 style=\"text-align: center;\">ARTICLE 3 : COMMANDES<\/h4><p>Pour passer une commande sur notre site, choisissez vos articles et ajoutez-les au panier. Validez le contenu de votre panier.<\/p><p>Si vous poss\u00e9dez d\u00e9j\u00e0 un compte client sur notre site, merci de vous identifier.<br \/>Si vous ne poss\u00e9dez pas de compte client sur notre site, vous pourrez tout de m\u00eame passer votre commande.<br \/>Remplir les champs permettant de personnaliser votre visuel.<br \/>Validez votre paiement.<\/p><p>Les informations contractuelles sont pr\u00e9sent\u00e9es en langue fran\u00e7aise et feront l\u2019objet d\u2019une confirmation au plus tard au moment de la validation de votre commande. \u00a0<\/p><p>La soci\u00e9t\u00e9 Maye Design se r\u00e9serve le droit de ne pas enregistrer un paiement, et de ne pas confirmer une commande pour quelque raison que ce soit, et plus particuli\u00e8rement en cas de probl\u00e8me d\u2019approvisionnement, ou en cas de difficult\u00e9 concernant la commande re\u00e7ue.\u00a0<\/p><h4 style=\"text-align: center;\">ARTICLE 4 : VALIDATION DE VOTRE COMMANDE<\/h4><p>Toute commande figurant sur le site Internet www.mayedesign.fr suppose l\u2019adh\u00e9sion aux pr\u00e9sentes Conditions G\u00e9n\u00e9rales. Toute confirmation de commande entra\u00eene votre adh\u00e9sion pleine et enti\u00e8re aux pr\u00e9sentes conditions g\u00e9n\u00e9rales de vente, sans exception ni r\u00e9serve. \u00a0<\/p><p>L\u2019ensemble des donn\u00e9es fournies et la confirmation enregistr\u00e9e vaudront preuve de la transaction.\u00a0<\/p><p>Vous d\u00e9clarez en avoir parfaite connaissance. \u00a0<\/p><p>La confirmation de commande vaudra signature et acceptation des op\u00e9rations effectu\u00e9es. \u00a0<\/p><p>Un r\u00e9capitulatif des informations de votre commande et des pr\u00e9sentes Conditions G\u00e9n\u00e9rales, vous sera communiqu\u00e9 en format PDF via\u00a0l\u2019adresse e-mail de confirmation de votre commande.\u00a0<\/p><h4 style=\"text-align: center;\">ARTICLE 5 : PAIEMENT<\/h4><p>Le fait de valider votre commande implique pour vous l\u2019obligation de payer le prix indiqu\u00e9. \u00a0<\/p><p>Le r\u00e8glement de vos achats s\u2019effectue par carte bancaire et au syst\u00e8me s\u00e9curis\u00e9 Pay Pal. Nous avons confi\u00e9 la gestion des transactions financi\u00e8re dans le cadre des achats de nos articles \u00e0 un tiers. Lorsque vous achetez sur notre site, nous ne disposons pas de vos donn\u00e9es bancaires, nous nous reposons uniquement sur Woocommerce Payments. Eux seuls ont la tache d\u2019assurer la transaction avec votre carte.<\/p><p>Le d\u00e9bit de la carte est effectu\u00e9 \u00e0 la validation de votre commande.\u00a0\u00a0<\/p><h4 style=\"text-align: center;\">ARTICLE 6 : R\u00c9TRACTATION<\/h4><p>Conform\u00e9ment \u00e0 la loi, le droit de r\u00e9tractation ne s\u2019applique pas pour les contrats de fourniture d\u2019un contenu num\u00e9rique non fourni sur un support mat\u00e9riel dont l\u2019ex\u00e9cution a commenc\u00e9 apr\u00e8s accord pr\u00e9alable expr\u00e8s du consommateur et renoncement expr\u00e8s \u00e0 son droit de r\u00e9tractation.<\/p><h4 style=\"text-align: center;\">ARTICLE 7 : CONDITIONS ET D\u00c9LAIS DE REMBOURSEMENT<\/h4><p>Aucun remboursement n\u2019est possible pour un produit d\u00e9j\u00e0 t\u00e9l\u00e9charg\u00e9.<br \/>Dernier Sommeil peut par contre effectuer un remboursement avant l\u2019envoie du fichier PDF \u00e0 t\u00e9l\u00e9charger ou en cas d\u2019achat en double du client.<\/p><h4 style=\"text-align: center;\">ARTICLE 8 : R\u00c9CLAMATIONS<\/h4><p>Toute r\u00e9clamation est \u00e0 adresser par voie \u00e9lectronique \u00e0\u00a0: mayedesign.fr@gmail.com<\/p><h4 style=\"text-align: center;\">ARTICLE 9 : PROPRI\u00c9T\u00c9 INTELLECTUELLE<\/h4><p>Tous les commentaires, images, illustrations de notre site nous sont exclusivement r\u00e9serv\u00e9s. Au titre de la propri\u00e9t\u00e9 intellectuelle et du droit d\u2019auteur, toute utilisation est interdite sauf \u00e0 usage strictement priv\u00e9.<\/p><p>Sans autorisation pr\u00e9alable, toute reproduction de notre site, qu\u2019elle soit partielle ou totale, est strictement interdite.<\/p><p>Maye Design conserve la propri\u00e9t\u00e9 intellectuelle des ressources achet\u00e9es.<\/p><h4 style=\"text-align: center;\">ARTICLE 10 : LIVRAISON<\/h4><p>Les produits sont livr\u00e9s \u00e0 l\u2019adresse mail indiqu\u00e9e au cours du processus de commande, dans le d\u00e9lai de 24h.\u00a0<br \/>En cas de retard d\u2019exp\u00e9dition, un mail vous sera adress\u00e9 pour vous informer d\u2019une \u00e9ventuelle cons\u00e9quence sur le d\u00e9lai de livraison qui vous a \u00e9t\u00e9 indiqu\u00e9. \u00a0<br \/>Conform\u00e9ment aux dispositions l\u00e9gales, en cas de retard de livraison, vous b\u00e9n\u00e9ficiez de la possibilit\u00e9 d\u2019annuler la commande dans les conditions et modalit\u00e9s d\u00e9finies \u00e0 l\u2019article L 138-2 du Code de la Consommation.\u00a0<\/p><h4 style=\"text-align: center;\">ARTICLE 11 : DONN\u00c9ES PERSONNELLES<\/h4><p>La micro entreprise Maye Design se r\u00e9serve le droit de collecter les informations nominatives et les donn\u00e9es personnelles vous concernant. Elles sont n\u00e9cessaires \u00e0 la gestion de votre commande, ainsi qu\u2019\u00e0 l\u2019am\u00e9lioration des services et des informations que nous vous adressons. \u00a0<br \/>Elles peuvent aussi \u00eatre transmises aux soci\u00e9t\u00e9s qui contribuent \u00e0 ces relations, telles que celles charg\u00e9es de l\u2019ex\u00e9cution des services et commandes pour leur gestion, ex\u00e9cution, traitement et paiement. \u00a0<br \/>Ces informations et donn\u00e9es sont \u00e9galement conserv\u00e9es \u00e0 des fins de s\u00e9curit\u00e9, afin de respecter les obligations l\u00e9gales et r\u00e9glementaires. \u00a0<br \/>Conform\u00e9ment \u00e0 la loi du 6 janvier 1978, vous disposez d\u2019un droit d\u2019acc\u00e8s, de rectification et d\u2019opposition aux informations nominatives et aux donn\u00e9es personnelles vous concernant, directement sur le site Internet.micro entreprise.<\/p><h4 style=\"text-align: center;\">ARTICLE 12 : ARCHIVAGE ET PREUVE<\/h4><p>La micro entreprise Maye Design archivera les bons de commandes et les factures sur un support fiable et durable constituant une copie fid\u00e8le conform\u00e9ment aux dispositions de l\u2019article 1348 du Code civil. \u00a0<br \/>Les registres informatis\u00e9s de Maye Design seront consid\u00e9r\u00e9s par toutes les parties concern\u00e9es comme preuve des communications, commandes, paiements et transactions intervenus entre les parties.<\/p><h4 style=\"text-align: center;\">ARTICLE 13 : LOI APPLICABLE<\/h4><p>Les CGV et le contrat sont exclusivement soumis au droit fran\u00e7ais.<\/p><p>Date de mise \u00e0 jour des CGV : 05\/08\/2022<\/p>\t\t\t\t\t\t<\/div>\n\t\t\t\t<\/div>\n\t\t\t\t\t<\/div>\n\t\t<\/div>\n\t\t\t\t\t\t\t<\/div>\n\t\t<\/section>\n\t\t\t\t\t\t\t<\/div>\n\t\t","protected":false},"excerpt":{"rendered":"<p>\u00a0 \u00a0 \u00a0 \u00a0 Conditions g\u00e9n\u00e9rales de vente (CGV) \u00a0 ARTICLE 1 : OBJET Les pr\u00e9sentes conditions r\u00e9gissent les ventes des produits num\u00e9riques par la micro entreprise Maye Design qui vend des designs graphique. A l\u2019issue de sa commande, le client recevra un fichier en format PDF de son visuel. ARTICLE 2 : PRIX Les &hellip;<\/p>\n<p class=\"read-more\"> <a class=\"\" href=\"https:\/\/mayedesign.fr\/index.php\/conditions-generales-de-vente-cgv\/\"> <span class=\"screen-reader-text\">Conditions g\u00e9n\u00e9rales de vente (CGV)<\/span> Read More &raquo;<\/a><\/p>\n","protected":false},"author":1,"featured_media":0,"parent":0,"menu_order":0,"comment_status":"closed","ping_status":"closed","template":"","meta":{"site-sidebar-layout":"no-sidebar","site-content-layout":"page-builder","ast-global-header-display":"","ast-main-header-display":"","ast-hfb-above-header-display":"","ast-hfb-below-header-display":"","ast-hfb-mobile-header-display":"","site-post-title":"disabled","ast-breadcrumbs-content":"","ast-featured-img":"disabled","footer-sml-layout":"","theme-transparent-header-meta":"","adv-header-id-meta":"","stick-header-meta":"","header-above-stick-meta":"","header-main-stick-meta":"","header-below-stick-meta":"","footnotes":""},"class_list":["post-4710","page","type-page","status-publish","hentry"],"yoast_head":"<!-- This site is optimized with the Yoast SEO plugin v19.4 - https:\/\/yoast.com\/wordpress\/plugins\/seo\/ -->\n<title>Conditions g\u00e9n\u00e9rales de vente (CGV) - Design graphique num\u00e9rique<\/title>\n<meta name=\"robots\" content=\"index, follow, max-snippet:-1, max-image-preview:large, max-video-preview:-1\" \/>\n<link rel=\"canonical\" href=\"https:\/\/mayedesign.fr\/index.php\/conditions-generales-de-vente-cgv\/\" \/>\n<meta property=\"og:locale\" content=\"en_US\" \/>\n<meta property=\"og:type\" content=\"article\" \/>\n<meta property=\"og:title\" content=\"Conditions g\u00e9n\u00e9rales de vente (CGV) - Design graphique num\u00e9rique\" \/>\n<meta property=\"og:description\" content=\"\u00a0 \u00a0 \u00a0 \u00a0 Conditions g\u00e9n\u00e9rales de vente (CGV) \u00a0 ARTICLE 1 : OBJET Les pr\u00e9sentes conditions r\u00e9gissent les ventes des produits num\u00e9riques par la micro entreprise Maye Design qui vend des designs graphique. A l\u2019issue de sa commande, le client recevra un fichier en format PDF de son visuel. ARTICLE 2 : PRIX Les &hellip; Conditions g\u00e9n\u00e9rales de vente (CGV) Read More &raquo;\" \/>\n<meta property=\"og:url\" content=\"https:\/\/mayedesign.fr\/index.php\/conditions-generales-de-vente-cgv\/\" \/>\n<meta property=\"og:site_name\" content=\"Design graphique num\u00e9rique\" \/>\n<meta property=\"article:modified_time\" content=\"2022-08-05T11:22:10+00:00\" \/>\n<meta name=\"twitter:card\" content=\"summary_large_image\" \/>\n<meta name=\"twitter:label1\" content=\"Est. reading time\" \/>\n\t<meta name=\"twitter:data1\" content=\"5 minutes\" \/>\n<script type=\"application\/ld+json\" class=\"yoast-schema-graph\">{\"@context\":\"https:\/\/schema.org\",\"@graph\":[{\"@type\":\"Organization\",\"@id\":\"https:\/\/mayedesign.fr\/#organization\",\"name\":\"Design graphique num\u00e9rique\",\"url\":\"https:\/\/mayedesign.fr\/\",\"sameAs\":[],\"logo\":{\"@type\":\"ImageObject\",\"inLanguage\":\"en-US\",\"@id\":\"https:\/\/mayedesign.fr\/#\/schema\/logo\/image\/\",\"url\":\"https:\/\/mayedesign.fr\/wp-content\/uploads\/2022\/08\/Logo-MayeDesign-e1659536359187.png\",\"contentUrl\":\"https:\/\/mayedesign.fr\/wp-content\/uploads\/2022\/08\/Logo-MayeDesign-e1659536359187.png\",\"width\":178,\"height\":81,\"caption\":\"Design graphique num\u00e9rique\"},\"image\":{\"@id\":\"https:\/\/mayedesign.fr\/#\/schema\/logo\/image\/\"}},{\"@type\":\"WebSite\",\"@id\":\"https:\/\/mayedesign.fr\/#website\",\"url\":\"https:\/\/mayedesign.fr\/\",\"name\":\"Design graphique num\u00e9rique\",\"description\":\"\",\"publisher\":{\"@id\":\"https:\/\/mayedesign.fr\/#organization\"},\"potentialAction\":[{\"@type\":\"SearchAction\",\"target\":{\"@type\":\"EntryPoint\",\"urlTemplate\":\"https:\/\/mayedesign.fr\/?s={search_term_string}\"},\"query-input\":\"required name=search_term_string\"}],\"inLanguage\":\"en-US\"},{\"@type\":\"WebPage\",\"@id\":\"https:\/\/mayedesign.fr\/index.php\/conditions-generales-de-vente-cgv\/\",\"url\":\"https:\/\/mayedesign.fr\/index.php\/conditions-generales-de-vente-cgv\/\",\"name\":\"Conditions g\u00e9n\u00e9rales de vente (CGV) - Design graphique num\u00e9rique\",\"isPartOf\":{\"@id\":\"https:\/\/mayedesign.fr\/#website\"},\"datePublished\":\"2022-08-05T11:14:49+00:00\",\"dateModified\":\"2022-08-05T11:22:10+00:00\",\"breadcrumb\":{\"@id\":\"https:\/\/mayedesign.fr\/index.php\/conditions-generales-de-vente-cgv\/#breadcrumb\"},\"inLanguage\":\"en-US\",\"potentialAction\":[{\"@type\":\"ReadAction\",\"target\":[\"https:\/\/mayedesign.fr\/index.php\/conditions-generales-de-vente-cgv\/\"]}]},{\"@type\":\"BreadcrumbList\",\"@id\":\"https:\/\/mayedesign.fr\/index.php\/conditions-generales-de-vente-cgv\/#breadcrumb\",\"itemListElement\":[{\"@type\":\"ListItem\",\"position\":1,\"name\":\"Accueil\",\"item\":\"https:\/\/mayedesign.fr\/\"},{\"@type\":\"ListItem\",\"position\":2,\"name\":\"Conditions g\u00e9n\u00e9rales de vente (CGV)\"}]}]}<\/script>\n<!-- \/ Yoast SEO plugin. -->","yoast_head_json":{"title":"Conditions g\u00e9n\u00e9rales de vente (CGV) - Design graphique num\u00e9rique","robots":{"index":"index","follow":"follow","max-snippet":"max-snippet:-1","max-image-preview":"max-image-preview:large","max-video-preview":"max-video-preview:-1"},"canonical":"https:\/\/mayedesign.fr\/index.php\/conditions-generales-de-vente-cgv\/","og_locale":"en_US","og_type":"article","og_title":"Conditions g\u00e9n\u00e9rales de vente (CGV) - Design graphique num\u00e9rique","og_description":"\u00a0 \u00a0 \u00a0 \u00a0 Conditions g\u00e9n\u00e9rales de vente (CGV) \u00a0 ARTICLE 1 : OBJET Les pr\u00e9sentes conditions r\u00e9gissent les ventes des produits num\u00e9riques par la micro entreprise Maye Design qui vend des designs graphique. A l\u2019issue de sa commande, le client recevra un fichier en format PDF de son visuel. ARTICLE 2 : PRIX Les &hellip; Conditions g\u00e9n\u00e9rales de vente (CGV) Read More &raquo;","og_url":"https:\/\/mayedesign.fr\/index.php\/conditions-generales-de-vente-cgv\/","og_site_name":"Design graphique num\u00e9rique","article_modified_time":"2022-08-05T11:22:10+00:00","twitter_card":"summary_large_image","twitter_misc":{"Est. reading time":"5 minutes"},"schema":{"@context":"https:\/\/schema.org","@graph":[{"@type":"Organization","@id":"https:\/\/mayedesign.fr\/#organization","name":"Design graphique num\u00e9rique","url":"https:\/\/mayedesign.fr\/","sameAs":[],"logo":{"@type":"ImageObject","inLanguage":"en-US","@id":"https:\/\/mayedesign.fr\/#\/schema\/logo\/image\/","url":"https:\/\/mayedesign.fr\/wp-content\/uploads\/2022\/08\/Logo-MayeDesign-e1659536359187.png","contentUrl":"https:\/\/mayedesign.fr\/wp-content\/uploads\/2022\/08\/Logo-MayeDesign-e1659536359187.png","width":178,"height":81,"caption":"Design graphique num\u00e9rique"},"image":{"@id":"https:\/\/mayedesign.fr\/#\/schema\/logo\/image\/"}},{"@type":"WebSite","@id":"https:\/\/mayedesign.fr\/#website","url":"https:\/\/mayedesign.fr\/","name":"Design graphique num\u00e9rique","description":"","publisher":{"@id":"https:\/\/mayedesign.fr\/#organization"},"potentialAction":[{"@type":"SearchAction","target":{"@type":"EntryPoint","urlTemplate":"https:\/\/mayedesign.fr\/?s={search_term_string}"},"query-input":"required name=search_term_string"}],"inLanguage":"en-US"},{"@type":"WebPage","@id":"https:\/\/mayedesign.fr\/index.php\/conditions-generales-de-vente-cgv\/","url":"https:\/\/mayedesign.fr\/index.php\/conditions-generales-de-vente-cgv\/","name":"Conditions g\u00e9n\u00e9rales de vente (CGV) - Design graphique num\u00e9rique","isPartOf":{"@id":"https:\/\/mayedesign.fr\/#website"},"datePublished":"2022-08-05T11:14:49+00:00","dateModified":"2022-08-05T11:22:10+00:00","breadcrumb":{"@id":"https:\/\/mayedesign.fr\/index.php\/conditions-generales-de-vente-cgv\/#breadcrumb"},"inLanguage":"en-US","potentialAction":[{"@type":"ReadAction","target":["https:\/\/mayedesign.fr\/index.php\/conditions-generales-de-vente-cgv\/"]}]},{"@type":"BreadcrumbList","@id":"https:\/\/mayedesign.fr\/index.php\/conditions-generales-de-vente-cgv\/#breadcrumb","itemListElement":[{"@type":"ListItem","position":1,"name":"Accueil","item":"https:\/\/mayedesign.fr\/"},{"@type":"ListItem","position":2,"name":"Conditions g\u00e9n\u00e9rales de vente (CGV)"}]}]}},"_links":{"self":[{"href":"https:\/\/mayedesign.fr\/index.php\/wp-json\/wp\/v2\/pages\/4710","targetHints":{"allow":["GET"]}}],"collection":[{"href":"https:\/\/mayedesign.fr\/index.php\/wp-json\/wp\/v2\/pages"}],"about":[{"href":"https:\/\/mayedesign.fr\/index.php\/wp-json\/wp\/v2\/types\/page"}],"author":[{"embeddable":true,"href":"https:\/\/mayedesign.fr\/index.php\/wp-json\/wp\/v2\/users\/1"}],"replies":[{"embeddable":true,"href":"https:\/\/mayedesign.fr\/index.php\/wp-json\/wp\/v2\/comments?post=4710"}],"version-history":[{"count":11,"href":"https:\/\/mayedesign.fr\/index.php\/wp-json\/wp\/v2\/pages\/4710\/revisions"}],"predecessor-version":[{"id":4811,"href":"https:\/\/mayedesign.fr\/index.php\/wp-json\/wp\/v2\/pages\/4710\/revisions\/4811"}],"wp:attachment":[{"href":"https:\/\/mayedesign.fr\/index.php\/wp-json\/wp\/v2\/media?parent=4710"}],"curies":[{"name":"wp","href":"https:\/\/api.w.org\/{rel}","templated":true}]}}